{"id":554,"date":"2025-01-09T08:05:32","date_gmt":"2025-01-09T08:05:32","guid":{"rendered":"https:\/\/aluminiosbara.com\/?page_id=554"},"modified":"2025-01-09T08:05:33","modified_gmt":"2025-01-09T08:05:33","slug":"cookies","status":"publish","type":"page","link":"https:\/\/aluminiosbara.com\/ca\/cookies\/","title":{"rendered":"Cookies"},"content":{"rendered":"<div class=\"wp-block-uagb-advanced-heading uagb-block-14944865\"><h1 class=\"uagb-heading-text\">COOKIES<\/h1><\/div>\n\n\n\n<h2 class=\"wp-block-heading\"><strong>UTILIZACI\u00d3N DE COOKIES PROPIAS SIN PUBLICIDAD<\/strong><\/h2>\n\n\n\n<p>Este sitio web utiliza Cookies propias para recopilar informaci\u00f3n con la finalidad de mejorar nuestros servicios. Si contin\u00faa navegando, supone la aceptaci\u00f3n de la instalaci\u00f3n de las mismas. El usuario tiene la posibilidad de configurar su navegador pudiendo, si as\u00ed lo desea, impedir que sean instaladas en su equipo, aunque deber\u00e1 tener en cuenta que dicha acci\u00f3n podr\u00e1 ocasionar dificultades de navegaci\u00f3n de la p\u00e1gina web. Aceptar Configuraci\u00f3n de Cookies<\/p>\n\n\n\n<h2 class=\"wp-block-heading\"><strong>UTILIZACI\u00d3N DE COOKIES PROPIAS Y DE PUBLICIDAD<\/strong><\/h2>\n\n\n\n<p>Este sitio web utiliza Cookies propias para recopilar informaci\u00f3n con la finalidad de mejorar nuestros servicios y mostrarle publicidad relacionada con sus preferencias. Si contin\u00faa navegando, supone la aceptaci\u00f3n de la instalaci\u00f3n de las mismas. El usuario tiene la posibilidad de configurar su navegador pudiendo, si as\u00ed lo desea, impedir que sean instaladas en su equipo, aunque deber\u00e1 tener en cuenta que dicha acci\u00f3n podr\u00e1 ocasionar dificultades de navegaci\u00f3n de la p\u00e1gina web. Aceptar Configuraci\u00f3n de Cookies<\/p>\n\n\n\n<h2 class=\"wp-block-heading\"><strong>UTILIZACI\u00d3N DE COOKIES PROPIAS, TERCEROS Y DE PUBLICIDAD<\/strong><\/h2>\n\n\n\n<p>Este sitio web utiliza Cookies propias y de terceros, para recopilar informaci\u00f3n con la finalidad de mejorar nuestros servicios y mostrarle publicidad relacionada con sus preferencias. Si contin\u00faa navegando, supone la aceptaci\u00f3n de la instalaci\u00f3n de las mismas. El usuario tiene la posibilidad de configurar su navegador pudiendo, si as\u00ed lo desea, impedir que sean instaladas en su disco duro, aunque deber\u00e1 tener en cuenta que dicha acci\u00f3n podr\u00e1 ocasionar dificultades de navegaci\u00f3n de la p\u00e1gina web. Aceptar Configuraci\u00f3n de Cookies<\/p>\n\n\n\n<h2 class=\"wp-block-heading\"><strong>UTILIZACI\u00d3N DE COOKIES PROPIAS, TERCEROS, PUBLICIDAD Y AN\u00c1LISIS<\/strong><\/h2>\n\n\n\n<p>Este sitio web utiliza Cookies propias y de terceros, para recopilar informaci\u00f3n con la finalidad de mejorar nuestros servicios, para mostrarle publicidad relacionada con sus preferencias, as\u00ed como analizar sus h\u00e1bitos de navegaci\u00f3n. Si contin\u00faa navegando, supone la aceptaci\u00f3n de la instalaci\u00f3n de las mismas. El usuario tiene la posibilidad de configurar su navegador pudiendo, si as\u00ed lo desea, impedir que sean instaladas en su disco duro, aunque deber\u00e1 tener en cuenta que dicha acci\u00f3n podr\u00e1 ocasionar dificultades de navegaci\u00f3n de la p\u00e1gina web. Aceptar Configuraci\u00f3n de Cookies<\/p>\n\n\n\n<h2 class=\"wp-block-heading\"><strong>UTILIZACI\u00d3N&nbsp;DE&nbsp; COOKIES&nbsp; PROPIAS&nbsp;Y&nbsp;DE&nbsp; TERCEROS<\/strong><\/h2>\n\n\n\n<p>Este sitio web utiliza Cookies propias y de terceros para recopilar informaci\u00f3n con la finalidad de mejorar nuestros servicios. Si contin\u00faa navegando, supone la aceptaci\u00f3n de la instalaci\u00f3n de las mismas. El usuario tiene la posibilidad de configurar su navegador pudiendo, si as\u00ed lo desea, impedir que sean instaladas en su disco duro, aunque deber\u00e1 tener en cuenta que dicha acci\u00f3n podr\u00e1 ocasionar dificultades de navegaci\u00f3n de la p\u00e1gina web. Aceptar Configuraci\u00f3n de Cookies<\/p>\n\n\n\n<h2 class=\"wp-block-heading\"><strong>UTILIZACI\u00d3N&nbsp;DE&nbsp; COOKIES&nbsp; PROPIAS&nbsp;Y&nbsp;DE&nbsp; AN\u00c1LISIS<\/strong><\/h2>\n\n\n\n<p>Este sitio web utiliza Cookies propias para recopilar informaci\u00f3n con la finalidad de mejorar nuestros servicios, as\u00ed como el an\u00e1lisis de sus h\u00e1bitos de navegaci\u00f3n. Si contin\u00faa navegando, supone la aceptaci\u00f3n de la instalaci\u00f3n de las mismas. El usuario tiene la posibilidad de configurar su navegador pudiendo, si as\u00ed lo desea, impedir que sean instaladas en su disco duro, aunque deber\u00e1 tener en cuenta que dicha acci\u00f3n podr\u00e1 ocasionar dificultades de navegaci\u00f3n de p\u00e1gina web. Aceptar Configuraci\u00f3n de Cookies<\/p>\n\n\n\n<h2 class=\"wp-block-heading\"><strong>UTILIZACI\u00d3N&nbsp;DE&nbsp; COOKIES&nbsp; GOOGLE&nbsp; ANALITYCS&nbsp;O&nbsp; YAHOO&nbsp; ANALITYCS<\/strong><\/h2>\n\n\n\n<p>Este sitio web utiliza Cookies propias y de terceros de an\u00e1lisis para recopilar informaci\u00f3n con la finalidad de mejorar nuestros servicios, as\u00ed como para el an\u00e1lisis de su navegaci\u00f3n. Si contin\u00faa navegando, supone la aceptaci\u00f3n de la instalaci\u00f3n de las mismas. El usuario tiene la posibilidad de configurar su navegador pudiendo, si as\u00ed lo desea, impedir que sean instaladas en su disco duro, aunque deber\u00e1 tener en cuenta que dicha acci\u00f3n podr\u00e1 ocasionar dificultades de navegaci\u00f3n de la p\u00e1gina web Aceptar Configuraci\u00f3n de Cookies A continuaci\u00f3n, debe a\u00f1adirse el siguiente contenido en un enlace al pulsar sobre el bot\u00f3n de \u00abConfiguraci\u00f3n de Cookies\u00bb<\/p>\n\n\n\n<h2 class=\"wp-block-heading\"><strong>&nbsp;CONFIGURACI\u00d3N DE COOKIES<\/strong><\/h2>\n\n\n\n<p>Al navegar y continuar en nuestro Sitio Web estar\u00e1 consintiendo el uso de las Cookies en las condiciones contenidas en la presente Pol\u00edtica de Cookies. MANTENIMENT DE XARXES VMSIS, SL proporciona acceso a esta Pol\u00edtica de Cookies en el momento del registro con el objetivo de que el usuario est\u00e9 informado, y sin perjuicio de que \u00e9ste pueda ejercer su derecho a bloquear, eliminar y rechazar el uso de Cookies en todo momento. Dado que las Cookies no son necesarias para el uso de este Sitio Web, se pueden bloquear o deshabilitar activando la configuraci\u00f3n del navegador, que permite rechazar la instalaci\u00f3n de todas las cookies o de algunas de ellas. La pr\u00e1ctica mayor\u00eda de los navegadores permiten advertir de la presencia de Cookies o rechazarlas autom\u00e1ticamente. Si se rechazan, se podr\u00e1 seguir usando el Sitio Web, aunque el uso de algunos de sus servicios podr\u00e1 ser limitado y por tanto la experiencia ser\u00e1 menos satisfactoria. A continuaci\u00f3n, se indican los links de los principales navegadores y dispositivos para que se pueda disponer de toda la informaci\u00f3n para consultar c\u00f3mo gestionar las cookies en cada navegador: Internet Explorer\u2122: hps:\/\/support.microso.com\/es-es\/help\/17442\/windows-internet-explorer-delete-manage-cookies Microsoft Edge\u2122 : hps:\/\/privacy.microso.com\/es-es\/windows-10-microso-edge-and-privacy Safari\u2122: hps:\/\/support.apple.com\/kb\/ph17191?locale=es_ES Google\u2122: hps:\/\/support.google.com\/chrome\/answer\/95647?hl=es&amp;hlrm=en Firefox\u2122: hp:\/\/support.mozilla.org\/es\/kb\/cookies-informacion-que-los-sios-web-guardan-en-?redirectlocale=en-US&amp;redirectslug=Cookies Opera\u2122 : hps:\/\/www.opera.com\/help\/tutorials\/security\/privacy\/ Android: hp:\/\/support.google.com\/android\/?hl=es Windows Phone: hp:\/\/www.windowsphone.com\/es-ES\/how-to\/wp7\/web\/changing-privacy-and-other-browser-sengs Para informaci\u00f3n adicional sobre c\u00f3mo configurar las Cookies detallada por proveedor o administrar las preferencias, se puede visitar el portal Your Online Choices. h ttp:\/\/www.youronlinechoices.com\/es\/preferencias\/<\/p>\n\n\n\n<h2 class=\"wp-block-heading\">POL\u00cdTICA DE COOKIES<\/h2>\n\n\n\n<p><strong>DESCRIPCI\u00d3N Y FINALIDAD<\/strong>\u00a0Las Cookies son archivos que el sitio web o la aplicaci\u00f3n que utiliza un usuario instala en su navegador o en su dispositivo durante el recorrido por las p\u00e1ginas o por la aplicaci\u00f3n, y sirven para almacenar informaci\u00f3n sobre la visita. Como la mayor\u00eda de los sitios en Internet, los portales web deben: <\/p>\n\n\n\n<ul class=\"wp-block-list\">\n<li>Asegurar que las p\u00e1ginas web pueden funcionar correctamente. <\/li>\n\n\n\n<li>Almacenar las preferencias, como el idioma seleccionado o el tama\u00f1o de letra. <\/li>\n\n\n\n<li>Conocer la experiencia de navegaci\u00f3n. <\/li>\n\n\n\n<li> Recopilar informaci\u00f3n estad\u00edstica an\u00f3nima, como las p\u00e1ginas que se han visitado o el tiempo que ha durado la conexi\u00f3n. El uso de Cookies nos permite optimizar la navegaci\u00f3n, adaptando la informaci\u00f3n y los servicios ofrecidos a los intereses del usuario, para proporcionar una mejor experiencia siempre que visite la p\u00e1gina. Las Cookies se asocian \u00fanicamente a un usuario an\u00f3nimo y su ordenador\/dispositivo y no proporcionan referencias que permitan conocer datos personales. En todo momento, el usuario podr\u00e1 acceder a la configuraci\u00f3n de su navegador para modificar y\/o bloquear la instalaci\u00f3n de las Cookies enviadas por los sitios web de WWW.VMSIS.ES. Los usuarios que completen el proceso de registro o hayan iniciado sesi\u00f3n con sus datos de acceso podr\u00e1n acceder a servicios personalizados y adaptados a sus preferencias seg\u00fan la informaci\u00f3n personal suministrada en el momento del registro y la almacenada en la Cookie de su navegador. Google Analytics almacena cookies para poder elaborar estad\u00edsticas sobre el tr\u00e1fico y volumen de visitas de esta web. Al utilizar este sitio web est\u00e1 consintiendo el tratamiento de informaci\u00f3n acerca de usted por Google. Por tanto, el ejercicio de cualquier derecho en este sentido deber\u00e1 hacerlo comunicando directamente con Google. Las cookies de Google Analytics, se almacenan en servidores ubicados en Estados Unidos y se compromete a no compartirla con terceros, excepto en los casos en los que sea necesario para el funcionamiento del sistema o cuando la ley obligue a tal efecto. Seg\u00fan Google, no guarda su direcci\u00f3n IP. Google Inc. es una compa\u00f1\u00eda adherida a \u201cPrivacy Shield\u201d (escudo de privacidad) que garantiza que todos los datos transferidos ser\u00e1n tratados con un nivel de protecci\u00f3n acorde a la normativa europea. Puede consultar informaci\u00f3n detallada a este respecto a trav\u00e9s del siguiente enlace: https:\/\/support.google.com\/analytics\/answer\/6004245. Si lo desea puede utilizar el Complemento de inhabilitaci\u00f3n para navegadores de Google Analytics a trav\u00e9s de cuyas instrucciones pueden rechazarse las cookies anal\u00edticas de dicho servicio en todos los navegadores. Puede consultar m\u00e1s informaci\u00f3n al respecto en el siguiente enlace: https:\/\/tools.google.com\/dlpage\/gaoptout UTILIDAD.<\/li>\n\n\n\n<li> Desde un punto de vista t\u00e9cnico, permiten que los sitios web funcionen de forma m\u00e1s \u00e1gil y adaptada a las preferencias de los usuarios, como por ejemplo almacenar el idioma, la moneda del pa\u00eds o detectar el dispositivo de acceso. <\/li>\n\n\n\n<li>Establecen niveles de protecci\u00f3n y seguridad que impiden o dificultan ciberataques contra el sitio web o sus usuarios. <\/li>\n\n\n\n<li>Permiten que los gestores de los medios puedan conocer datos estad\u00edsticos recopilados en las Cookies para mejorar la calidad y experiencia de sus servicios. <\/li>\n\n\n\n<li>Sirven para optimizar la publicidad que se muestra a los usuarios, ofreciendo la que m\u00e1s se ajusta a sus intereses.<\/li>\n<\/ul>\n\n\n\n<h2 class=\"wp-block-heading\">TIPOS DE COOKIES<\/h2>\n\n\n\n<h3 class=\"wp-block-heading\">SEG\u00daN LA ENTIDAD QUE LAS GESTIONE<\/h3>\n\n\n\n<p>Cookies propias Son aquellas que se recaban por el propio editor para prestar el servicio solicitado por el usuario. Cookies de tercero Son aquellas que son recabadas y gestionadas por un tercero, estas no se pueden considerar propias.<\/p>\n\n\n\n<h3 class=\"wp-block-heading\">SEG\u00daN EL PLAZO DE TIEMPO QUE PERMANEZCAN ACTIVADAS<\/h3>\n\n\n\n<p>Cookies de sesi\u00f3n Recaban datos mientras el usuario navega por la red con la finalidad de prestar el servicio solicitado. Cookies persistentes Se almacenan en el terminal y la informaci\u00f3n obtenida, ser\u00e1 utilizada por el responsable de la cookie con la finalidad de prestar el servicio solicitado.<\/p>\n\n\n\n<h3 class=\"wp-block-heading\">SEG\u00daN SU FINALIDAD<\/h3>\n\n\n\n<p>Cookies t\u00e9cnicas Son las necesarias para la correcta navegaci\u00f3n por la web. Cookies de personalizaci\u00f3n Permiten al usuario las caracter\u00edsticas (idioma) para la navegaci\u00f3n por la website Cookies de an\u00e1lisis Permiten al prestador el an\u00e1lisis vinculado a la navegaci\u00f3n realizada por el usuario, con la finalidad de llevar un seguimiento de uso de la p\u00e1gina web, as\u00ed como realizar estad\u00edsticas de los contenidos m\u00e1s visitados, n\u00famero de visitantes, etc. Cookies publicitarias Permiten al editor incluir en la web, espacios publicitarios, seg\u00fan el contenido de la propia web. Cookies de publicidad comportamental Permiten al editor incluir en la p\u00e1gina web espacios publicitarios seg\u00fan la informaci\u00f3n obtenida a trav\u00e9s de los h\u00e1bitos de navegaci\u00f3n del usuario.<\/p>","protected":false},"excerpt":{"rendered":"<p>COOKIES UTILIZACI\u00d3N DE COOKIES PROPIAS SIN PUBLICIDAD Este sitio web utiliza Cookies propias para recopilar informaci\u00f3n con la finalidad de [&hellip;]<\/p>\n","protected":false},"author":1,"featured_media":0,"parent":0,"menu_order":0,"comment_status":"closed","ping_status":"closed","template":"","meta":{"_uag_custom_page_level_css":"","site-sidebar-layout":"default","site-content-layout":"","ast-site-content-layout":"","site-content-style":"default","site-sidebar-style":"default","ast-global-header-display":"","ast-banner-title-visibility":"","ast-main-header-display":"","ast-hfb-above-header-display":"","ast-hfb-below-header-display":"","ast-hfb-mobile-header-display":"","site-post-title":"disabled","ast-breadcrumbs-content":"","ast-featured-img":"","footer-sml-layout":"","ast-disable-related-posts":"","theme-transparent-header-meta":"","adv-header-id-meta":"","stick-header-meta":"","header-above-stick-meta":"","header-main-stick-meta":"","header-below-stick-meta":"","astra-migrate-meta-layouts":"default","ast-page-background-enabled":"default","ast-page-background-meta":{"desktop":{"background-color":"var(--ast-global-color-4)","background-image":"","background-repeat":"repeat","background-position":"center center","background-size":"auto","background-attachment":"scroll","background-type":"","background-media":"","overlay-type":"","overlay-color":"","overlay-opacity":"","overlay-gradient":""},"tablet":{"background-color":"","background-image":"","background-repeat":"repeat","background-position":"center center","background-size":"auto","background-attachment":"scroll","background-type":"","background-media":"","overlay-type":"","overlay-color":"","overlay-opacity":"","overlay-gradient":""},"mobile":{"background-color":"","background-image":"","background-repeat":"repeat","background-position":"center center","background-size":"auto","background-attachment":"scroll","background-type":"","background-media":"","overlay-type":"","overlay-color":"","overlay-opacity":"","overlay-gradient":""}},"ast-content-background-meta":{"desktop":{"background-color":"var(--ast-global-color-5)","background-image":"","background-repeat":"repeat","background-position":"center center","background-size":"auto","background-attachment":"scroll","background-type":"","background-media":"","overlay-type":"","overlay-color":"","overlay-opacity":"","overlay-gradient":""},"tablet":{"background-color":"var(--ast-global-color-5)","background-image":"","background-repeat":"repeat","background-position":"center center","background-size":"auto","background-attachment":"scroll","background-type":"","background-media":"","overlay-type":"","overlay-color":"","overlay-opacity":"","overlay-gradient":""},"mobile":{"background-color":"var(--ast-global-color-5)","background-image":"","background-repeat":"repeat","background-position":"center center","background-size":"auto","background-attachment":"scroll","background-type":"","background-media":"","overlay-type":"","overlay-color":"","overlay-opacity":"","overlay-gradient":""}},"footnotes":""},"class_list":["post-554","page","type-page","status-publish","hentry"],"uagb_featured_image_src":{"full":false,"thumbnail":false,"medium":false,"medium_large":false,"large":false,"1536x1536":false,"2048x2048":false,"trp-custom-language-flag":false},"uagb_author_info":{"display_name":"admAlum","author_link":"https:\/\/aluminiosbara.com\/ca\/author\/admalum\/"},"uagb_comment_info":0,"uagb_excerpt":"COOKIES UTILIZACI\u00d3N DE COOKIES PROPIAS SIN PUBLICIDAD Este sitio web utiliza Cookies propias para recopilar informaci\u00f3n con la finalidad de [&hellip;]","_links":{"self":[{"href":"https:\/\/aluminiosbara.com\/ca\/wp-json\/wp\/v2\/pages\/554","targetHints":{"allow":["GET"]}}],"collection":[{"href":"https:\/\/aluminiosbara.com\/ca\/wp-json\/wp\/v2\/pages"}],"about":[{"href":"https:\/\/aluminiosbara.com\/ca\/wp-json\/wp\/v2\/types\/page"}],"author":[{"embeddable":true,"href":"https:\/\/aluminiosbara.com\/ca\/wp-json\/wp\/v2\/users\/1"}],"replies":[{"embeddable":true,"href":"https:\/\/aluminiosbara.com\/ca\/wp-json\/wp\/v2\/comments?post=554"}],"version-history":[{"count":0,"href":"https:\/\/aluminiosbara.com\/ca\/wp-json\/wp\/v2\/pages\/554\/revisions"}],"wp:attachment":[{"href":"https:\/\/aluminiosbara.com\/ca\/wp-json\/wp\/v2\/media?parent=554"}],"curies":[{"name":"wp","href":"https:\/\/api.w.org\/{rel}","templated":true}]}}