{"id":14,"date":"2024-12-17T09:55:05","date_gmt":"2024-12-17T09:55:05","guid":{"rendered":"https:\/\/www.aluminiosbara.com\/?page_id=14"},"modified":"2025-01-15T10:33:19","modified_gmt":"2025-01-15T10:33:19","slug":"contacto","status":"publish","type":"page","link":"https:\/\/aluminiosbara.com\/ca\/contacto\/","title":{"rendered":"Contacto"},"content":{"rendered":"<div class=\"wp-block-uagb-container uagb-block-2b7f38d5 alignfull uagb-is-root-container\"><div class=\"uagb-container-inner-blocks-wrap\">\n<div class=\"wp-block-uagb-container uagb-block-6b68a9e9\">\n<h1 class=\"wp-block-heading has-text-align-center\">CONTACTO<\/h1>\n\n\n\n<p class=\"has-text-align-center has-ast-global-color-3-color has-text-color has-link-color wp-elements-389046f33ef08b869c018af96e2aa7c8\" style=\"padding-right:2.2em;padding-left:2.2em;font-size:0.9em\">\u00bfTienes un proyecto en mente o necesitas m\u00e1s informaci\u00f3n sobre nuestros servicios? Escr\u00edbenos  o ll\u00e1manos y estaremos encantados de ayudarte. \u00a1Solicita tu presupuesto sin compromiso!<\/p>\n\n\n\n<div class=\"wp-block-uagb-container uagb-block-57da72a9\">\n<div class=\"wp-block-uagb-container uagb-block-0d2823b0\">\n<div class=\"wp-block-uagb-forms uagb-forms__outer-wrap uagb-block-55c52777 uagb-forms__medium-btn\"><form class=\"uagb-forms-main-form\" method=\"post\" autocomplete=\"on\" name=\"uagb-form-55c52777\" action=\"\">\n<div class=\"wp-block-uagb-forms-name uagb-forms-name-wrap uagb-forms-field-set uagb-block-30fdec38\"><div class=\"uagb-forms-name-label required uagb-forms-input-label\" id=\"30fdec38\">Nombre<\/div><input type=\"text\" placeholder=\"Nombre\" required class=\"uagb-forms-name-input uagb-forms-input\" name=\"30fdec38\" autocomplete=\"given-name\"\/><\/div>\n\n\n\n<div class=\"wp-block-uagb-forms-name uagb-forms-name-wrap uagb-forms-field-set uagb-block-b43e2033\"><div class=\"uagb-forms-name-label required uagb-forms-input-label\" id=\"b43e2033\">Apellido<\/div><input type=\"text\" placeholder=\"Apellido\" required class=\"uagb-forms-name-input uagb-forms-input\" name=\"b43e2033\" autocomplete=\"family-name\"\/><\/div>\n\n\n\n<div class=\"wp-block-uagb-forms-email uagb-forms-email-wrap uagb-forms-field-set uagb-block-b0621844\"><div class=\"uagb-forms-email-label required uagb-forms-input-label\" id=\"b0621844\">Email<\/div><input type=\"email\" class=\"uagb-forms-email-input uagb-forms-input\" placeholder=\"ejemplo@mail.com\" required name=\"b0621844\" autocomplete=\"email\"\/><\/div>\n\n\n\n<div class=\"wp-block-uagb-forms-textarea uagb-forms-textarea-wrap uagb-forms-field-set uagb-block-429d263a\"><div class=\"uagb-forms-textarea-label required uagb-forms-input-label\" id=\"429d263a\">Que nos quieres preguntar?<\/div><textarea required class=\"uagb-forms-textarea-input uagb-forms-input\" rows=\"6\" placeholder=\"No dudes en escribirnos para pedir presupuesto, agendar una cita o resolver tus dudas...\" name=\"429d263a\" autocomplete=\"off\"><\/textarea><\/div>\n\n\n\n<div class=\"wp-block-uagb-forms-accept uagb-forms-accept-wrap uagb-forms-field-set uagb-block-080f1f98\"><div class=\"uagb-forms-accept-privacy-link\"><a href=\"https:\/\/aluminiosbara.com\/ca\/aviso-legal\/\" target=\"_blank\" rel=\"noopener noreferrer\">Condiciones legales<\/a><\/div><input type=\"checkbox\" name=\"080f1f98\" required value=\"Agree\" class=\"uagb-forms-checkbox\" id=\"uagb-forms-accept-080f1f98\"\/><label name=\"080f1f98\" for=\"uagb-forms-accept-080f1f98\" class=\"uagb-forms-accept-label required\" id=\"080f1f98\">He leido y acepto las condiciones legales.<\/label><br\/><\/div>\n<div class=\"uagb-forms-form-hidden-data\"><input type=\"hidden\" class=\"uagb_forms_form_label\" value=\"Spectra Form\"\/><input type=\"hidden\" class=\"uagb_forms_form_id\" value=\"uagb-form-55c52777\"\/><\/div><div class=\"uagb-form-reacaptcha-error-55c52777\"><\/div><div class=\"uagb-forms-main-submit-button-wrap wp-block-button\"><button class=\"uagb-forms-main-submit-button wp-block-button__link\"><div class=\"uagb-forms-main-submit-button-text\">Enviar<\/div><\/button><\/div><input type=\"hidden\" name=\"trp-form-language\" value=\"ca\"\/><\/form><div class=\"uagb-forms-success-message-55c52777 uagb-forms-submit-message-hide\"><span>El mensaje se ha enviado correctamente! Muchas gracies le respondremos en breve.<\/span><\/div><div class=\"uagb-forms-failed-message-55c52777 uagb-forms-submit-message-hide\"><span>Ha ocurrido algun problema al enviar el formulario. Comprueba que los campos obligatorios est\u00e9n rellenos.<\/span><\/div><\/div>\n<\/div>\n\n\n\n<div class=\"wp-block-uagb-container uagb-block-2c271089\"><\/div>\n<\/div>\n<\/div>\n<\/div><\/div>\n\n\n\n<div class=\"wp-block-uagb-container uagb-block-a61bce20 alignfull uagb-is-root-container\"><div class=\"uagb-container-inner-blocks-wrap\">\n<div class=\"wp-block-uagb-container uagb-block-16c3fa08 alignfull uagb-is-root-container\"><div class=\"uagb-container-inner-blocks-wrap\">\n<div data-aos= \"zoom-out\" data-aos-duration=\"400\" data-aos-delay=\"0\" data-aos-easing=\"ease\" data-aos-once=\"true\" class=\"wp-block-uagb-container uagb-block-1aedf359\">\n<div class=\"wp-block-uagb-advanced-heading uagb-block-a5b33432\"><h2 class=\"uagb-heading-text\">TEL\u00c9FONO \/\/ WHATSAPP<\/h2><\/div>\n\n\n\n<div class=\"wp-block-uagb-advanced-heading uagb-block-04a57d5a\"><h2 class=\"uagb-heading-text\"><a href=\"https:\/\/api.whatsapp.com\/send\/?phone=34687512802&amp;text=Hola%21%0A%C2%BFEn+qu%C3%A9+podemos+ayudarte%3F&amp;type=phone_number&amp;app_absent=0\" data-type=\"link\" data-id=\"https:\/\/api.whatsapp.com\/send\/?phone=34687512802&amp;text=Hola%21%0A%C2%BFEn+qu%C3%A9+podemos+ayudarte%3F&amp;type=phone_number&amp;app_absent=0\" target=\"_blank\" rel=\"noopener\">+34 977 80 14 54<\/a><\/h2><\/div>\n<\/div>\n\n\n\n<div data-aos= \"zoom-out\" data-aos-duration=\"400\" data-aos-delay=\"0\" data-aos-easing=\"ease\" data-aos-once=\"true\" class=\"wp-block-uagb-container uagb-block-5d0b9837\">\n<div class=\"wp-block-uagb-advanced-heading uagb-block-37cd1364\"><h2 class=\"uagb-heading-text\">CORREO ELECTR\u00d3NICO<\/h2><\/div>\n\n\n\n<div class=\"wp-block-uagb-advanced-heading uagb-block-b4ca340d\"><h2 class=\"uagb-heading-text\"><a href=\"mailto:info@aluminiosbara.com\" data-type=\"mailto\" data-id=\"mailto:info@aluminiosbara.com\">info@aluminiosbara.com<\/a><\/h2><\/div>\n<\/div>\n<\/div><\/div>\n\n\n\n<div class=\"wp-block-uagb-container uagb-block-75ad32a9 alignfull uagb-is-root-container\"><div class=\"uagb-container-inner-blocks-wrap\">\n<iframe src=\"https:\/\/www.google.com\/maps\/embed?pb=!1m18!1m12!1m3!1d3003.0772617705!2d1.4731162755227905!3d41.17648200905154!2m3!1f0!2f0!3f0!3m2!1i1024!2i768!4f13.1!3m3!1m2!1s0x12a3f39bd4bcd9ed%3A0xc5e26688e08493ad!2sAluminios%20Bar%C3%A1!5e0!3m2!1ses!2ses!4v1735039128000!5m2!1ses!2ses\" width=\"100%\" height=\"400px\" frameborder=\"0\" style= \"border-radius:\"12px\"\" allowfullscreen=\"\" loading=\"lazy\" referrerpolicy=\"no-referrer-when-downgrade\"><\/iframe>\n<\/div><\/div>\n<\/div><\/div>\n\n\n\n<div class=\"wp-block-uagb-container uagb-layout-flex uagb-block-abe0c7ef alignwide uagb-is-root-container\">\n<div class=\"wp-block-uagb-container uagb-layout-grid uagb-block-6c6f8cca\"><div style=\"padding-top:var(--wp--preset--spacing--40);padding-bottom:var(--wp--preset--spacing--40);padding-left:0;padding-right:0;\" class=\"alignleft wp-block-site-logo wp-duotone-rgb255255255-ffffff-1\"><a href=\"https:\/\/aluminiosbara.com\/ca\/\" class=\"custom-logo-link\" rel=\"home\"><img loading=\"lazy\" decoding=\"async\" width=\"192\" height=\"23\" src=\"https:\/\/aluminiosbara.com\/wp-content\/uploads\/2025\/01\/cropped-ALUMINIOS_BARA_LOGO_AZUL-01-600x74.png\" class=\"custom-logo\" alt=\"Aluminios Bar\u00e0\" srcset=\"https:\/\/aluminiosbara.com\/wp-content\/uploads\/2025\/01\/cropped-ALUMINIOS_BARA_LOGO_AZUL-01.png 3508w, https:\/\/aluminiosbara.com\/wp-content\/uploads\/2025\/01\/cropped-ALUMINIOS_BARA_LOGO_AZUL-01-300x37.png 300w, https:\/\/aluminiosbara.com\/wp-content\/uploads\/2025\/01\/cropped-ALUMINIOS_BARA_LOGO_AZUL-01-1024x126.png 1024w, https:\/\/aluminiosbara.com\/wp-content\/uploads\/2025\/01\/cropped-ALUMINIOS_BARA_LOGO_AZUL-01-768x95.png 768w, https:\/\/aluminiosbara.com\/wp-content\/uploads\/2025\/01\/cropped-ALUMINIOS_BARA_LOGO_AZUL-01-1536x189.png 1536w, https:\/\/aluminiosbara.com\/wp-content\/uploads\/2025\/01\/cropped-ALUMINIOS_BARA_LOGO_AZUL-01-2048x252.png 2048w, https:\/\/aluminiosbara.com\/wp-content\/uploads\/2025\/01\/cropped-ALUMINIOS_BARA_LOGO_AZUL-01-600x74.png 600w\" sizes=\"auto, (max-width: 192px) 100vw, 192px\" \/><\/a><\/div>\n\n\n<p class=\"has-text-align-left has-ast-global-color-6-color has-text-color has-link-color wp-elements-25a92fefd697b93a700868c503495b69\" style=\"padding-top:0;padding-right:20%;padding-bottom:0;padding-left:0;font-size:12px\">Somos tu empresa de confianza para trabajos con piezas de aluminio.<\/p>\n<\/div>\n\n\n\n<div class=\"wp-block-uagb-container uagb-layout-flex uagb-block-542ed53c\">\n<p class=\"has-ast-global-color-6-color has-text-color has-link-color wp-elements-34e9fd48863b4a289d061808710d0b07\" style=\"margin-top:0;margin-bottom:var(--wp--preset--spacing--20);font-size:12px\">Tel\u00e9fono fijo: +34 977 80 14 54<\/p>\n\n\n\n<p class=\"has-ast-global-color-6-color has-text-color has-link-color wp-elements-1fd64d4b497dab1368f81a75e1db2cf5\" style=\"margin-top:0;margin-bottom:0;padding-top:0;padding-bottom:var(--wp--preset--spacing--20);font-size:12px\">Whatsapp: +34 977 80 14 54<\/p>\n\n\n\n<p class=\"has-ast-global-color-6-color has-text-color has-link-color wp-elements-3c09e829963a613be2a834402522a3a1\" style=\"margin-top:0;margin-bottom:var(--wp--preset--spacing--20);font-size:12px\">Correo: <a href=\"mailto:info@aluminiosbara.com\" target=\"_blank\" rel=\"noreferrer noopener\">info@aluminiosbara.com<\/a><\/p>\n\n\n\n<p class=\"has-ast-global-color-6-color has-text-color has-link-color wp-elements-7c16d997b9c83581ac37e287a801da82\" style=\"margin-top:var(--wp--preset--spacing--50);margin-bottom:0;padding-top:0;padding-right:0;padding-bottom:0;padding-left:0;font-size:12px\">C\/ Costa Brava n\u00ba 4 local 4 &#8211; 43883 Roda de Bar\u00e0 (Tarragona)<\/p>\n<\/div>\n\n\n\n<div class=\"wp-block-uagb-container uagb-layout-flex uagb-block-f1ff89f4\">\n<p class=\"has-ast-global-color-6-color has-text-color has-link-color wp-elements-71888c79fac2c3fede8c4e4db02e0a21\" style=\"margin-top:0;margin-bottom:var(--wp--preset--spacing--20);font-size:12px\"><a href=\"https:\/\/aluminiosbara.com\/ca\/cookies\/\" data-type=\"page\" data-id=\"554\">Cookies<\/a><\/p>\n\n\n\n<p class=\"has-ast-global-color-6-color has-text-color has-link-color wp-elements-f11138ac949c1e3e4a97979228f2675c\" style=\"margin-top:0;margin-bottom:0;padding-top:0;padding-bottom:var(--wp--preset--spacing--20);font-size:12px\"><a href=\"https:\/\/aluminiosbara.com\/ca\/aviso-legal\/\" data-type=\"page\" data-id=\"558\">Aviso Legal<\/a><\/p>\n\n\n\n<p class=\"has-ast-global-color-6-color has-text-color has-link-color wp-elements-ac85dccb90cad762e752cdd41cf66d3d\" style=\"margin-top:0;margin-bottom:0;padding-top:0;padding-bottom:var(--wp--preset--spacing--20);font-size:12px\"><a href=\"https:\/\/aluminiosbara.com\/ca\/aviso-legal\/\" data-type=\"page\" data-id=\"558\">Declaraci\u00f3n de accesibilidad<\/a><\/p>\n<\/div>\n<\/div>\n\n\n\n<p><\/p>","protected":false},"excerpt":{"rendered":"","protected":false},"author":1,"featured_media":0,"parent":0,"menu_order":0,"comment_status":"closed","ping_status":"closed","template":"","meta":{"_uag_custom_page_level_css":"","site-sidebar-layout":"default","site-content-layout":"","ast-site-content-layout":"","site-content-style":"default","site-sidebar-style":"default","ast-global-header-display":"","ast-banner-title-visibility":"","ast-main-header-display":"","ast-hfb-above-header-display":"","ast-hfb-below-header-display":"","ast-hfb-mobile-header-display":"","site-post-title":"disabled","ast-breadcrumbs-content":"","ast-featured-img":"","footer-sml-layout":"","ast-disable-related-posts":"","theme-transparent-header-meta":"","adv-header-id-meta":"","stick-header-meta":"","header-above-stick-meta":"","header-main-stick-meta":"","header-below-stick-meta":"","astra-migrate-meta-layouts":"default","ast-page-background-enabled":"default","ast-page-background-meta":{"desktop":{"background-color":"var(--ast-global-color-4)","background-image":"","background-repeat":"repeat","background-position":"center center","background-size":"auto","background-attachment":"scroll","background-type":"","background-media":"","overlay-type":"","overlay-color":"","overlay-opacity":"","overlay-gradient":""},"tablet":{"background-color":"","background-image":"","background-repeat":"repeat","background-position":"center center","background-size":"auto","background-attachment":"scroll","background-type":"","background-media":"","overlay-type":"","overlay-color":"","overlay-opacity":"","overlay-gradient":""},"mobile":{"background-color":"","background-image":"","background-repeat":"repeat","background-position":"center center","background-size":"auto","background-attachment":"scroll","background-type":"","background-media":"","overlay-type":"","overlay-color":"","overlay-opacity":"","overlay-gradient":""}},"ast-content-background-meta":{"desktop":{"background-color":"var(--ast-global-color-5)","background-image":"","background-repeat":"repeat","background-position":"center center","background-size":"auto","background-attachment":"scroll","background-type":"","background-media":"","overlay-type":"","overlay-color":"","overlay-opacity":"","overlay-gradient":""},"tablet":{"background-color":"var(--ast-global-color-5)","background-image":"","background-repeat":"repeat","background-position":"center center","background-size":"auto","background-attachment":"scroll","background-type":"","background-media":"","overlay-type":"","overlay-color":"","overlay-opacity":"","overlay-gradient":""},"mobile":{"background-color":"var(--ast-global-color-5)","background-image":"","background-repeat":"repeat","background-position":"center center","background-size":"auto","background-attachment":"scroll","background-type":"","background-media":"","overlay-type":"","overlay-color":"","overlay-opacity":"","overlay-gradient":""}},"footnotes":""},"class_list":["post-14","page","type-page","status-publish","hentry"],"uagb_featured_image_src":{"full":false,"thumbnail":false,"medium":false,"medium_large":false,"large":false,"1536x1536":false,"2048x2048":false,"trp-custom-language-flag":false},"uagb_author_info":{"display_name":"admAlum","author_link":"https:\/\/aluminiosbara.com\/ca\/author\/admalum\/"},"uagb_comment_info":0,"uagb_excerpt":null,"_links":{"self":[{"href":"https:\/\/aluminiosbara.com\/ca\/wp-json\/wp\/v2\/pages\/14","targetHints":{"allow":["GET"]}}],"collection":[{"href":"https:\/\/aluminiosbara.com\/ca\/wp-json\/wp\/v2\/pages"}],"about":[{"href":"https:\/\/aluminiosbara.com\/ca\/wp-json\/wp\/v2\/types\/page"}],"author":[{"embeddable":true,"href":"https:\/\/aluminiosbara.com\/ca\/wp-json\/wp\/v2\/users\/1"}],"replies":[{"embeddable":true,"href":"https:\/\/aluminiosbara.com\/ca\/wp-json\/wp\/v2\/comments?post=14"}],"version-history":[{"count":0,"href":"https:\/\/aluminiosbara.com\/ca\/wp-json\/wp\/v2\/pages\/14\/revisions"}],"wp:attachment":[{"href":"https:\/\/aluminiosbara.com\/ca\/wp-json\/wp\/v2\/media?parent=14"}],"curies":[{"name":"wp","href":"https:\/\/api.w.org\/{rel}","templated":true}]}}