{"id":12,"date":"2024-12-17T09:54:41","date_gmt":"2024-12-17T09:54:41","guid":{"rendered":"https:\/\/www.aluminiosbara.com\/?page_id=12"},"modified":"2025-01-08T09:02:21","modified_gmt":"2025-01-08T09:02:21","slug":"nosotros","status":"publish","type":"page","link":"https:\/\/aluminiosbara.com\/ca\/nosotros\/","title":{"rendered":"Nosotros"},"content":{"rendered":"<div class=\"wp-block-cover alignfull is-light has-custom-content-position is-position-top-center\" style=\"margin-bottom:var(--wp--preset--spacing--70);padding-bottom:0;min-height:610px;aspect-ratio:unset;\"><span aria-hidden=\"true\" class=\"wp-block-cover__background has-ast-global-color-6-background-color has-background-dim\"><\/span><div class=\"wp-block-cover__inner-container is-layout-flow wp-block-cover-is-layout-flow\">\n<div class=\"wp-block-uagb-container uagb-block-29611ad7 alignfull uagb-is-root-container\"><div class=\"uagb-container-inner-blocks-wrap\">\n<div class=\"wp-block-group is-layout-constrained wp-container-core-group-is-layout-4383d167 wp-block-group-is-layout-constrained\">\n<header class=\"wp-block-uagb-advanced-heading uagb-block-f1d963da\"><h1 class=\"uagb-heading-text\">NOSOTROS<\/h1><\/header>\n<\/div>\n\n\n\n<div class=\"wp-block-uagb-container uagb-block-1098c19e alignfull uagb-is-root-container\"><div class=\"uagb-container-inner-blocks-wrap\">\n<div class=\"wp-block-uagb-container uagb-block-e91e0656\">\n<div class=\"wp-block-group alignwide has-small-font-size is-vertical is-layout-flex wp-container-core-group-is-layout-669f9327 wp-block-group-is-layout-flex\" style=\"min-height:0px;padding-top:0;padding-bottom:0\">\n<h2 class=\"wp-block-heading\" style=\"margin-top:0;margin-bottom:var(--wp--preset--spacing--30)\">Nuestra trayectoria<\/h2>\n\n\n\n<p class=\"has-ast-global-color-2-color has-text-color has-link-color wp-elements-3f0b7bc83fa524c596133d5d503b016d\" style=\"font-size:18px;font-style:normal;font-weight:200;line-height:1.2\">Con m\u00e1s de <strong>15 a\u00f1os de experiencia<\/strong>, en Aluminios Bara hemos crecido junto a nuestros clientes, ofreciendo soluciones de aluminio de alta calidad y posicion\u00e1ndonos como un referente en el sector.<\/p>\n<\/div>\n<\/div>\n\n\n\n<div class=\"wp-block-uagb-container uagb-block-501a7836\">\n<div class=\"wp-block-group has-small-font-size is-vertical is-layout-flex wp-container-core-group-is-layout-ff089a51 wp-block-group-is-layout-flex\" style=\"min-height:0px;padding-top:0;padding-bottom:0\">\n<h2 class=\"wp-block-heading\" style=\"margin-top:0;margin-bottom:var(--wp--preset--spacing--30)\">Adaptados a las tendencias <\/h2>\n\n\n\n<p class=\"has-ast-global-color-2-color has-text-color has-link-color wp-elements-e2fe7c2b1ee0353e6036f2e239db65df\" style=\"font-size:18px;font-style:normal;font-weight:200;line-height:1.2\">Nos mantenemos al d\u00eda con las \u00faltimas tendencias del mercado, incorporando tecnolog\u00edas innovadoras y dise\u00f1os modernos que garantizan productos funcionales y est\u00e9ticamente atractivos.<\/p>\n<\/div>\n<\/div>\n<\/div><\/div>\n\n\n\n<div class=\"wp-block-uagb-container uagb-block-c5e25413 alignfull uagb-is-root-container\"><div class=\"uagb-container-inner-blocks-wrap\"><\/div><\/div>\n\n\n\n<div class=\"wp-block-uagb-container uagb-block-ff4766c6 alignfull uagb-is-root-container\"><div class=\"uagb-container-inner-blocks-wrap\">\n<div class=\"wp-block-uagb-container uagb-block-6d6ea4b4\">\n<div class=\"wp-block-group alignwide has-small-font-size is-vertical is-layout-flex wp-container-core-group-is-layout-669f9327 wp-block-group-is-layout-flex\" style=\"min-height:0px;padding-top:0;padding-bottom:0\">\n<h2 class=\"wp-block-heading\" style=\"margin-top:0;margin-bottom:var(--wp--preset--spacing--30)\">Fidelidad y confianza<\/h2>\n\n\n\n<p class=\"has-ast-global-color-2-color has-text-color has-link-color wp-elements-49893ddc1016c18cf34b75f85583435b\" style=\"font-size:18px;font-style:normal;font-weight:200;line-height:1.3\">La confianza de nuestros clientes es nuestro principal motor. Nuestro compromiso con la calidad y el servicio personalizado nos ha permitido establecer relaciones duraderas y una s\u00f3lida reputaci\u00f3n.<\/p>\n<\/div>\n<\/div>\n\n\n\n<div class=\"wp-block-uagb-container uagb-block-c97a44cb\">\n<div class=\"wp-block-group has-small-font-size is-vertical is-layout-flex wp-container-core-group-is-layout-ff089a51 wp-block-group-is-layout-flex\" style=\"min-height:0px;padding-top:0;padding-bottom:0\">\n<h2 class=\"wp-block-heading\" style=\"margin-top:0;margin-bottom:var(--wp--preset--spacing--30)\">Mirando al futuro<\/h2>\n\n\n\n<p class=\"has-ast-global-color-2-color has-text-color has-link-color wp-elements-9ad04bf02249f5d3ecf15e7cc005d46e\" style=\"font-size:18px;font-style:normal;font-weight:200;line-height:1.3\">En Aluminios Bara seguimos avanzando con la voluntad de progresar, mejorando cada d\u00eda para ofrecerte soluciones que se adapten a tus necesidades y superen tus expectativas.<\/p>\n<\/div>\n<\/div>\n<\/div><\/div>\n<\/div><\/div>\n<\/div><\/div>\n\n\n\n<div class=\"wp-block-uagb-container uagb-layout-flex uagb-block-abe0c7ef alignwide uagb-is-root-container\">\n<div class=\"wp-block-uagb-container uagb-layout-grid uagb-block-6c6f8cca\"><div style=\"padding-top:var(--wp--preset--spacing--40);padding-bottom:var(--wp--preset--spacing--40);padding-left:0;padding-right:0;\" class=\"alignleft wp-block-site-logo wp-duotone-rgb255255255-ffffff-1\"><a href=\"https:\/\/aluminiosbara.com\/ca\/\" class=\"custom-logo-link\" rel=\"home\"><img loading=\"lazy\" decoding=\"async\" width=\"192\" height=\"23\" src=\"https:\/\/aluminiosbara.com\/wp-content\/uploads\/2025\/01\/cropped-ALUMINIOS_BARA_LOGO_AZUL-01-600x74.png\" class=\"custom-logo\" alt=\"Aluminios Bar\u00e0\" srcset=\"https:\/\/aluminiosbara.com\/wp-content\/uploads\/2025\/01\/cropped-ALUMINIOS_BARA_LOGO_AZUL-01.png 3508w, https:\/\/aluminiosbara.com\/wp-content\/uploads\/2025\/01\/cropped-ALUMINIOS_BARA_LOGO_AZUL-01-300x37.png 300w, https:\/\/aluminiosbara.com\/wp-content\/uploads\/2025\/01\/cropped-ALUMINIOS_BARA_LOGO_AZUL-01-1024x126.png 1024w, https:\/\/aluminiosbara.com\/wp-content\/uploads\/2025\/01\/cropped-ALUMINIOS_BARA_LOGO_AZUL-01-768x95.png 768w, https:\/\/aluminiosbara.com\/wp-content\/uploads\/2025\/01\/cropped-ALUMINIOS_BARA_LOGO_AZUL-01-1536x189.png 1536w, https:\/\/aluminiosbara.com\/wp-content\/uploads\/2025\/01\/cropped-ALUMINIOS_BARA_LOGO_AZUL-01-2048x252.png 2048w, https:\/\/aluminiosbara.com\/wp-content\/uploads\/2025\/01\/cropped-ALUMINIOS_BARA_LOGO_AZUL-01-600x74.png 600w\" sizes=\"auto, (max-width: 192px) 100vw, 192px\" \/><\/a><\/div>\n\n\n<p class=\"has-text-align-left has-ast-global-color-6-color has-text-color has-link-color wp-elements-25a92fefd697b93a700868c503495b69\" style=\"padding-top:0;padding-right:20%;padding-bottom:0;padding-left:0;font-size:12px\">Somos tu empresa de confianza para trabajos con piezas de aluminio.<\/p>\n<\/div>\n\n\n\n<div class=\"wp-block-uagb-container uagb-layout-flex uagb-block-542ed53c\">\n<p class=\"has-ast-global-color-6-color has-text-color has-link-color wp-elements-34e9fd48863b4a289d061808710d0b07\" style=\"margin-top:0;margin-bottom:var(--wp--preset--spacing--20);font-size:12px\">Tel\u00e9fono fijo: +34 977 80 14 54<\/p>\n\n\n\n<p class=\"has-ast-global-color-6-color has-text-color has-link-color wp-elements-1fd64d4b497dab1368f81a75e1db2cf5\" style=\"margin-top:0;margin-bottom:0;padding-top:0;padding-bottom:var(--wp--preset--spacing--20);font-size:12px\">Whatsapp: +34 977 80 14 54<\/p>\n\n\n\n<p class=\"has-ast-global-color-6-color has-text-color has-link-color wp-elements-3c09e829963a613be2a834402522a3a1\" style=\"margin-top:0;margin-bottom:var(--wp--preset--spacing--20);font-size:12px\">Correo: <a href=\"mailto:info@aluminiosbara.com\" target=\"_blank\" rel=\"noreferrer noopener\">info@aluminiosbara.com<\/a><\/p>\n\n\n\n<p class=\"has-ast-global-color-6-color has-text-color has-link-color wp-elements-7c16d997b9c83581ac37e287a801da82\" style=\"margin-top:var(--wp--preset--spacing--50);margin-bottom:0;padding-top:0;padding-right:0;padding-bottom:0;padding-left:0;font-size:12px\">C\/ Costa Brava n\u00ba 4 local 4 &#8211; 43883 Roda de Bar\u00e0 (Tarragona)<\/p>\n<\/div>\n\n\n\n<div class=\"wp-block-uagb-container uagb-layout-flex uagb-block-f1ff89f4\">\n<p class=\"has-ast-global-color-6-color has-text-color has-link-color wp-elements-71888c79fac2c3fede8c4e4db02e0a21\" style=\"margin-top:0;margin-bottom:var(--wp--preset--spacing--20);font-size:12px\"><a href=\"https:\/\/aluminiosbara.com\/ca\/cookies\/\" data-type=\"page\" data-id=\"554\">Cookies<\/a><\/p>\n\n\n\n<p class=\"has-ast-global-color-6-color has-text-color has-link-color wp-elements-f11138ac949c1e3e4a97979228f2675c\" style=\"margin-top:0;margin-bottom:0;padding-top:0;padding-bottom:var(--wp--preset--spacing--20);font-size:12px\"><a href=\"https:\/\/aluminiosbara.com\/ca\/aviso-legal\/\" data-type=\"page\" data-id=\"558\">Aviso Legal<\/a><\/p>\n\n\n\n<p class=\"has-ast-global-color-6-color has-text-color has-link-color wp-elements-ac85dccb90cad762e752cdd41cf66d3d\" style=\"margin-top:0;margin-bottom:0;padding-top:0;padding-bottom:var(--wp--preset--spacing--20);font-size:12px\"><a href=\"https:\/\/aluminiosbara.com\/ca\/aviso-legal\/\" data-type=\"page\" data-id=\"558\">Declaraci\u00f3n de accesibilidad<\/a><\/p>\n<\/div>\n<\/div>","protected":false},"excerpt":{"rendered":"","protected":false},"author":1,"featured_media":0,"parent":0,"menu_order":0,"comment_status":"closed","ping_status":"closed","template":"","meta":{"_uag_custom_page_level_css":"","site-sidebar-layout":"default","site-content-layout":"","ast-site-content-layout":"","site-content-style":"default","site-sidebar-style":"default","ast-global-header-display":"","ast-banner-title-visibility":"","ast-main-header-display":"","ast-hfb-above-header-display":"","ast-hfb-below-header-display":"","ast-hfb-mobile-header-display":"","site-post-title":"disabled","ast-breadcrumbs-content":"","ast-featured-img":"","footer-sml-layout":"","ast-disable-related-posts":"","theme-transparent-header-meta":"","adv-header-id-meta":"","stick-header-meta":"","header-above-stick-meta":"","header-main-stick-meta":"","header-below-stick-meta":"","astra-migrate-meta-layouts":"default","ast-page-background-enabled":"default","ast-page-background-meta":{"desktop":{"background-color":"var(--ast-global-color-4)","background-image":"","background-repeat":"repeat","background-position":"center center","background-size":"auto","background-attachment":"scroll","background-type":"","background-media":"","overlay-type":"","overlay-color":"","overlay-opacity":"","overlay-gradient":""},"tablet":{"background-color":"","background-image":"","background-repeat":"repeat","background-position":"center center","background-size":"auto","background-attachment":"scroll","background-type":"","background-media":"","overlay-type":"","overlay-color":"","overlay-opacity":"","overlay-gradient":""},"mobile":{"background-color":"","background-image":"","background-repeat":"repeat","background-position":"center center","background-size":"auto","background-attachment":"scroll","background-type":"","background-media":"","overlay-type":"","overlay-color":"","overlay-opacity":"","overlay-gradient":""}},"ast-content-background-meta":{"desktop":{"background-color":"var(--ast-global-color-5)","background-image":"","background-repeat":"repeat","background-position":"center center","background-size":"auto","background-attachment":"scroll","background-type":"","background-media":"","overlay-type":"","overlay-color":"","overlay-opacity":"","overlay-gradient":""},"tablet":{"background-color":"var(--ast-global-color-5)","background-image":"","background-repeat":"repeat","background-position":"center center","background-size":"auto","background-attachment":"scroll","background-type":"","background-media":"","overlay-type":"","overlay-color":"","overlay-opacity":"","overlay-gradient":""},"mobile":{"background-color":"var(--ast-global-color-5)","background-image":"","background-repeat":"repeat","background-position":"center center","background-size":"auto","background-attachment":"scroll","background-type":"","background-media":"","overlay-type":"","overlay-color":"","overlay-opacity":"","overlay-gradient":""}},"footnotes":""},"class_list":["post-12","page","type-page","status-publish","hentry"],"uagb_featured_image_src":{"full":false,"thumbnail":false,"medium":false,"medium_large":false,"large":false,"1536x1536":false,"2048x2048":false,"trp-custom-language-flag":false},"uagb_author_info":{"display_name":"admAlum","author_link":"https:\/\/aluminiosbara.com\/ca\/author\/admalum\/"},"uagb_comment_info":0,"uagb_excerpt":null,"_links":{"self":[{"href":"https:\/\/aluminiosbara.com\/ca\/wp-json\/wp\/v2\/pages\/12","targetHints":{"allow":["GET"]}}],"collection":[{"href":"https:\/\/aluminiosbara.com\/ca\/wp-json\/wp\/v2\/pages"}],"about":[{"href":"https:\/\/aluminiosbara.com\/ca\/wp-json\/wp\/v2\/types\/page"}],"author":[{"embeddable":true,"href":"https:\/\/aluminiosbara.com\/ca\/wp-json\/wp\/v2\/users\/1"}],"replies":[{"embeddable":true,"href":"https:\/\/aluminiosbara.com\/ca\/wp-json\/wp\/v2\/comments?post=12"}],"version-history":[{"count":0,"href":"https:\/\/aluminiosbara.com\/ca\/wp-json\/wp\/v2\/pages\/12\/revisions"}],"wp:attachment":[{"href":"https:\/\/aluminiosbara.com\/ca\/wp-json\/wp\/v2\/media?parent=12"}],"curies":[{"name":"wp","href":"https:\/\/api.w.org\/{rel}","templated":true}]}}